{"id":7584,"date":"2017-12-28T02:06:20","date_gmt":"2017-12-28T02:06:20","guid":{"rendered":"http:\/\/www.altominho.tv\/site\/?page_id=7584"},"modified":"2019-11-13T15:58:15","modified_gmt":"2019-11-13T15:58:15","slug":"termos-de-utilizacao-e-politica-de-privacidade","status":"publish","type":"page","link":"https:\/\/www.altominho.tv\/site\/termos-de-utilizacao-e-politica-de-privacidade\/","title":{"rendered":"Termos de utiliza\u00e7\u00e3o e Pol\u00edtica de Privacidade"},"content":{"rendered":"<p><strong>Termos e condi\u00e7\u00f5es de uso do site<\/strong><\/p>\n<p>Ao visitar este site, est\u00e1 a aceitar os Termos e Condi\u00e7\u00f5es de Utiliza\u00e7\u00e3o abaixo discriminados.<br \/>\nNo caso de n\u00e3o concordar, total ou parcialmente com as nossas condi\u00e7\u00f5es, dever\u00e1 interromper imediatamente a navega\u00e7\u00e3o.<\/p>\n<p><strong>Aviso sobre o conte\u00fado do site<\/strong><\/p>\n<p>A Altominho.tv, publica regularmente, conte\u00fados no \u00e2mbito da sua atividade enquanto \u00f3rg\u00e3o de comunica\u00e7\u00e3o e n\u00e3o garante que estes sejam adequados para todas as finalidades e\/ou utilizadores. A Altominho.tv n\u00e3o assumir\u00e1 responsabilidade por quaisquer danos ou lucros cessantes resultantes do uso do site, ou da informa\u00e7\u00e3o nele contida, por parte dos utilizadores.<\/p>\n<p><strong>Aviso sobre o acesso e utiliza\u00e7\u00e3o dos conte\u00fados do site e isen\u00e7\u00e3o de responsabilidade por danos<\/strong><\/p>\n<p>Ao entrar no site, o utilizador concorda e aceita o seguinte: o site ou qualquer parte dele pode ficar temporariamente inacess\u00edvel devido ao seu mau funcionamento e\/ou defeitos de conex\u00e3o ou de eventos que escapam ao controlo da Altominho.tv; a Altominho.tv n\u00e3o \u00e9 respons\u00e1vel pelo material usado e\/ou a conduta exigida aos utilizadores durante a navega\u00e7\u00e3o do site; a Altominho.tv n\u00e3o assume qualquer responsabilidade no que diz respeito \u00e0 transmiss\u00e3o de v\u00edrus de computador do utilizador ou de qualquer forma, relativamente aos conte\u00fados originados por terceiros.Ao aceder ao site, o utilizador compromete-se a:<\/p>\n<ol>\n<li>N\u00e3o utilizar o site ou qualquer material publicado para prosseguir fins ilegais ou il\u00edcitos, ou como um meio para divulgar ou distribuir de qualquer forma material ou conte\u00fado pr\u00e9-encomendado, ou para prossecu\u00e7\u00e3o de atividades ilegais;<\/li>\n<li>N\u00e3o utilizar o site de forma a interromper, danificar ou tornar menos eficiente parte ou a totalidade do mesmo ou de prejudicar de forma alguma a efic\u00e1cia ou funcionalidade do site em si;<\/li>\n<li>N\u00e3o usar o site para a transmiss\u00e3o ou coloca\u00e7\u00e3o de v\u00edrus ou qualquer outro material difamat\u00f3rio, abusivo, obsceno ou amea\u00e7ador, ou que de alguma forma possa gerar desconforto, aborrecimento ou les\u00e3o;<\/li>\n<li>N\u00e3o utilizar o site de forma a constituir uma viola\u00e7\u00e3o de normas relativas a pessoas ou empresas (incluindo, mas n\u00e3o se limitando a direitos de copyright ou confidencialidade);<\/li>\n<li>N\u00e3o usar o site para transmitir qualquer material para fins publicit\u00e1rios e\/ou promocionais sem a pr\u00e9via autoriza\u00e7\u00e3o, a conceder por escrito, pela Altominho.tv).<\/li>\n<\/ol>\n<p><strong>Hiperliga\u00e7\u00f5es para sites de terceiros<\/strong><\/p>\n<p>O site pode conter hiperliga\u00e7\u00f5es para outros locais ou sites da internet. A Altominho.tv n\u00e3o assume responsabilidade pela acessibilidade e\/ou disponibilidade desses recursos externos para o seu site ou seu conte\u00fado. Na eventualidade e verifica\u00e7\u00e3o de tais problemas, recomendamos que o utilizador entre em contacto com o respetivo administrador ou webmaster.<\/p>\n<p>A Altominho.tv reserva -se o direito de modificar as informa\u00e7\u00f5es, servi\u00e7os, produtos e outros conte\u00fados presentes no site, ou encerrar este site a qualquer momento em necessidade de aviso pr\u00e9vio. A Atominho.tv n\u00e3o assume responsabilidade por quaisquer perdas ou danos resultantes de, ou de alguma forma relacionados com a utiliza\u00e7\u00e3o e funcionamento do site (incluindo a interrup\u00e7\u00e3o do acesso ao site por atos ou factos imput\u00e1veis a terceiros, por motivos t\u00e9cnicos ou inefici\u00eancia, ou por quaisquer outras raz\u00f5es n\u00e3o imput\u00e1veis \u00e0 Altominho.tv). Esta exclus\u00e3o de responsabilidade inclui, sem limita\u00e7\u00e3o, danos por perda de neg\u00f3cios, perda de lucros, interrup\u00e7\u00e3o de neg\u00f3cios, perda de informa\u00e7\u00f5es comerciais, outras perdas pecuni\u00e1rias.<\/p>\n<p><strong>Regras para a cria\u00e7\u00e3o de hiperliga\u00e7\u00f5es para o site e\/ou outros sites de terceiros<\/strong><\/p>\n<p>N\u00e3o \u00e9 permitido aos utilizadores e a terceiros a cria\u00e7\u00e3o de hiperliga\u00e7\u00f5es para este site sem autoriza\u00e7\u00e3o pr\u00e9via por escrito da Altominho.tv. Em qualquer caso e em qualquer altura, a Altominho.tv reserva o direito de solicitar a remo\u00e7\u00e3o das hiperliga\u00e7\u00f5es para este site.Este site pode conter hiperliga\u00e7\u00f5es para sites externos e\/ou da propriedade de terceiros. A Altominho.tv n\u00e3o se responsabiliza pelos conte\u00fados desses sites externos, nem garante, sob forma alguma, o seu correto funcionamento. A presen\u00e7a e inclus\u00e3o de qualquer hiperliga\u00e7\u00e3o neste site n\u00e3o implica qualquer transfer\u00eancia ou endosso do conte\u00fado do site referenciado pela Altominho.tv. O utilizador dever\u00e1, nesses casos, tomar conhecimento e respeitar os termos de uso aplic\u00e1veis a tais sites de terceiros. Do mesmo modo, quaisquer hiperliga\u00e7\u00f5es de ativa\u00e7\u00e3o para este site, mesmo que autorizados pela Altominho.tv, n\u00e3o implicam por parte da mesma qualquer aprova\u00e7\u00e3o do conte\u00fado no site de liga\u00e7\u00e3o, nem a derroga\u00e7\u00e3o dos presentes Termos e Condi\u00e7\u00f5es.<\/p>\n<p><strong>Utiliza\u00e7\u00e3o de Cookies<\/strong><\/p>\n<p>Este site utiliza cookies que permitem melhorar o desempenho e a experi\u00eancia de navega\u00e7\u00e3o do utilizador. Os cookies s\u00e3o pequenos arquivos de texto que identificam o seu computador\/smartphone\/ tablet utilizado. Os cookies n\u00e3o s\u00e3o usados para a recolha de dados pessoais. O utilizador tem, a qualquer momento, a possibilidade de configurar o seu computador para aceitar todos os cookies, para notifica-lo quando um cookie \u00e9 gerado ou para n\u00e3o descarregar quaisquer cookies. Se optar por desativar os cookies, alguns servi\u00e7os do nosso site ir\u00e3o deixar de funcionar, afetando assim a sua experi\u00eancia de navega\u00e7\u00e3o no site.<\/p>\n<p><strong>Pol\u00edtica de Privacidade<\/strong><\/p>\n<p>A informa\u00e7\u00e3o pessoal \u00e9 fornecida voluntariamente pelo utilizador aquando do registo facultativo. O registo serve para o utilizador aceder aos servi\u00e7os de subscri\u00e7\u00e3o de newsletter, coment\u00e1rios e outras funcionalidades disponibilizadas pela Altominho.tv \u00e0 sua comunidade. Os dados recolhidos t\u00eam como finalidades: a identifica\u00e7\u00e3o dos membros da comunidade\/utilizador; a identifica\u00e7\u00e3o da responsabilidade de coment\u00e1rios e a\u00e7\u00f5es na comunidade; gest\u00e3o das permiss\u00f5es para efeitos de envio de comunica\u00e7\u00f5es de marketing via email; gest\u00e3o de registos; gest\u00e3o de t\u00f3picos e temas; gest\u00e3o de prefer\u00eancias e autores; poss\u00edveis a\u00e7\u00f5es de marketing.<\/p>\n<p><strong>Propriedade Intelectual e Industrial, Direitos de Autor e Direitos Conexos<\/strong><\/p>\n<p>Os textos , imagens, gr\u00e1ficos, ficheiros de som, ficheiros de anima\u00e7\u00e3o e ficheiros v\u00eddeo existentes neste site est\u00e3o sujeitos \u00e0s disposi\u00e7\u00f5es legais aplic\u00e1veis \u00e0 prote\u00e7\u00e3o da propriedade intelectual, industrial e direitos de autor. Todos os elementos protegidos n\u00e3o poder\u00e3o ser copiados para uso comercial ou para distribui\u00e7\u00e3o, nem modificados ou reenviados para outros sites. Algumas \u00e1reas do site da Altominho.tv poder\u00e3o conter imagens e\/ou refer\u00eancias que constituem propriedade intelectual de terceiros.<\/p>\n<p><strong>Lei Aplic\u00e1vel<\/strong><\/p>\n<p>Estes Termos e Condi\u00e7\u00f5es Gerais de Utiliza\u00e7\u00e3o regem-se pela lei portuguesa.<\/p>\n","protected":false},"excerpt":{"rendered":"<p>Termos e condi\u00e7\u00f5es de uso do site Ao visitar este site, est\u00e1 a aceitar os Termos e Condi\u00e7\u00f5es de Utiliza\u00e7\u00e3o abaixo discriminados. No caso de n\u00e3o concordar, total ou parcialmente com as nossas condi\u00e7\u00f5es, dever\u00e1 interromper imediatamente a navega\u00e7\u00e3o. Aviso sobre o conte\u00fado do site A Altominho.tv, publica regularmente, conte\u00fados no \u00e2mbito da sua atividade [&hellip;]<\/p>\n","protected":false},"author":1,"featured_media":0,"parent":0,"menu_order":0,"comment_status":"closed","ping_status":"closed","template":"","meta":{"_exactmetrics_skip_tracking":false,"_exactmetrics_sitenote_active":false,"_exactmetrics_sitenote_note":"","_exactmetrics_sitenote_category":0,"footnotes":""},"class_list":["post-7584","page","type-page","status-publish","hentry"],"yoast_head":"<!-- This site is optimized with the Yoast SEO Premium plugin v27.5 (Yoast SEO v27.5) - https:\/\/yoast.com\/product\/yoast-seo-premium-wordpress\/ -->\n<title>Termos de utiliza\u00e7\u00e3o e Pol\u00edtica de Privacidade - Altominho.tv<\/title>\n<meta name=\"robots\" content=\"index, follow, max-snippet:-1, max-image-preview:large, max-video-preview:-1\" \/>\n<link rel=\"canonical\" href=\"https:\/\/www.altominho.tv\/site\/termos-de-utilizacao-e-politica-de-privacidade\/\" \/>\n<meta property=\"og:locale\" content=\"pt_PT\" \/>\n<meta property=\"og:type\" content=\"article\" \/>\n<meta property=\"og:title\" content=\"Termos de utiliza\u00e7\u00e3o e Pol\u00edtica de Privacidade\" \/>\n<meta property=\"og:description\" content=\"Termos e condi\u00e7\u00f5es de uso do site Ao visitar este site, est\u00e1 a aceitar os Termos e Condi\u00e7\u00f5es de Utiliza\u00e7\u00e3o abaixo discriminados. No caso de n\u00e3o concordar, total ou parcialmente com as nossas condi\u00e7\u00f5es, dever\u00e1 interromper imediatamente a navega\u00e7\u00e3o. Aviso sobre o conte\u00fado do site A Altominho.tv, publica regularmente, conte\u00fados no \u00e2mbito da sua atividade [&hellip;]\" \/>\n<meta property=\"og:url\" content=\"https:\/\/www.altominho.tv\/site\/termos-de-utilizacao-e-politica-de-privacidade\/\" \/>\n<meta property=\"og:site_name\" content=\"Altominho.tv\" \/>\n<meta property=\"article:publisher\" content=\"https:\/\/www.facebook.com\/altominhotv\" \/>\n<meta property=\"article:modified_time\" content=\"2019-11-13T15:58:15+00:00\" \/>\n<meta name=\"twitter:card\" content=\"summary_large_image\" \/>\n<meta name=\"twitter:site\" content=\"@altominhoTV\" \/>\n<meta name=\"twitter:label1\" content=\"Tempo estimado de leitura\" \/>\n\t<meta name=\"twitter:data1\" content=\"6 minutos\" \/>\n<script type=\"application\/ld+json\" class=\"yoast-schema-graph\">{\"@context\":\"https:\\\/\\\/schema.org\",\"@graph\":[{\"@type\":\"WebPage\",\"@id\":\"https:\\\/\\\/www.altominho.tv\\\/site\\\/termos-de-utilizacao-e-politica-de-privacidade\\\/\",\"url\":\"https:\\\/\\\/www.altominho.tv\\\/site\\\/termos-de-utilizacao-e-politica-de-privacidade\\\/\",\"name\":\"Termos de utiliza\u00e7\u00e3o e Pol\u00edtica de Privacidade - Altominho.tv\",\"isPartOf\":{\"@id\":\"https:\\\/\\\/www.altominho.tv\\\/site\\\/#website\"},\"datePublished\":\"2017-12-28T02:06:20+00:00\",\"dateModified\":\"2019-11-13T15:58:15+00:00\",\"breadcrumb\":{\"@id\":\"https:\\\/\\\/www.altominho.tv\\\/site\\\/termos-de-utilizacao-e-politica-de-privacidade\\\/#breadcrumb\"},\"inLanguage\":\"pt-PT\",\"potentialAction\":[{\"@type\":\"ReadAction\",\"target\":[\"https:\\\/\\\/www.altominho.tv\\\/site\\\/termos-de-utilizacao-e-politica-de-privacidade\\\/\"]}]},{\"@type\":\"BreadcrumbList\",\"@id\":\"https:\\\/\\\/www.altominho.tv\\\/site\\\/termos-de-utilizacao-e-politica-de-privacidade\\\/#breadcrumb\",\"itemListElement\":[{\"@type\":\"ListItem\",\"position\":1,\"name\":\"In\u00edcio\",\"item\":\"https:\\\/\\\/www.altominho.tv\\\/site\\\/\"},{\"@type\":\"ListItem\",\"position\":2,\"name\":\"Termos de utiliza\u00e7\u00e3o e Pol\u00edtica de Privacidade\"}]},{\"@type\":\"WebSite\",\"@id\":\"https:\\\/\\\/www.altominho.tv\\\/site\\\/#website\",\"url\":\"https:\\\/\\\/www.altominho.tv\\\/site\\\/\",\"name\":\"Altominho.tv\",\"description\":\"A sua regi\u00e3o \u00e0 dist\u00e2ncia de um clique...\",\"potentialAction\":[{\"@type\":\"SearchAction\",\"target\":{\"@type\":\"EntryPoint\",\"urlTemplate\":\"https:\\\/\\\/www.altominho.tv\\\/site\\\/?s={search_term_string}\"},\"query-input\":{\"@type\":\"PropertyValueSpecification\",\"valueRequired\":true,\"valueName\":\"search_term_string\"}}],\"inLanguage\":\"pt-PT\"}]}<\/script>\n<!-- \/ Yoast SEO Premium plugin. -->","yoast_head_json":{"title":"Termos de utiliza\u00e7\u00e3o e Pol\u00edtica de Privacidade - Altominho.tv","robots":{"index":"index","follow":"follow","max-snippet":"max-snippet:-1","max-image-preview":"max-image-preview:large","max-video-preview":"max-video-preview:-1"},"canonical":"https:\/\/www.altominho.tv\/site\/termos-de-utilizacao-e-politica-de-privacidade\/","og_locale":"pt_PT","og_type":"article","og_title":"Termos de utiliza\u00e7\u00e3o e Pol\u00edtica de Privacidade","og_description":"Termos e condi\u00e7\u00f5es de uso do site Ao visitar este site, est\u00e1 a aceitar os Termos e Condi\u00e7\u00f5es de Utiliza\u00e7\u00e3o abaixo discriminados. No caso de n\u00e3o concordar, total ou parcialmente com as nossas condi\u00e7\u00f5es, dever\u00e1 interromper imediatamente a navega\u00e7\u00e3o. Aviso sobre o conte\u00fado do site A Altominho.tv, publica regularmente, conte\u00fados no \u00e2mbito da sua atividade [&hellip;]","og_url":"https:\/\/www.altominho.tv\/site\/termos-de-utilizacao-e-politica-de-privacidade\/","og_site_name":"Altominho.tv","article_publisher":"https:\/\/www.facebook.com\/altominhotv","article_modified_time":"2019-11-13T15:58:15+00:00","twitter_card":"summary_large_image","twitter_site":"@altominhoTV","twitter_misc":{"Tempo estimado de leitura":"6 minutos"},"schema":{"@context":"https:\/\/schema.org","@graph":[{"@type":"WebPage","@id":"https:\/\/www.altominho.tv\/site\/termos-de-utilizacao-e-politica-de-privacidade\/","url":"https:\/\/www.altominho.tv\/site\/termos-de-utilizacao-e-politica-de-privacidade\/","name":"Termos de utiliza\u00e7\u00e3o e Pol\u00edtica de Privacidade - Altominho.tv","isPartOf":{"@id":"https:\/\/www.altominho.tv\/site\/#website"},"datePublished":"2017-12-28T02:06:20+00:00","dateModified":"2019-11-13T15:58:15+00:00","breadcrumb":{"@id":"https:\/\/www.altominho.tv\/site\/termos-de-utilizacao-e-politica-de-privacidade\/#breadcrumb"},"inLanguage":"pt-PT","potentialAction":[{"@type":"ReadAction","target":["https:\/\/www.altominho.tv\/site\/termos-de-utilizacao-e-politica-de-privacidade\/"]}]},{"@type":"BreadcrumbList","@id":"https:\/\/www.altominho.tv\/site\/termos-de-utilizacao-e-politica-de-privacidade\/#breadcrumb","itemListElement":[{"@type":"ListItem","position":1,"name":"In\u00edcio","item":"https:\/\/www.altominho.tv\/site\/"},{"@type":"ListItem","position":2,"name":"Termos de utiliza\u00e7\u00e3o e Pol\u00edtica de Privacidade"}]},{"@type":"WebSite","@id":"https:\/\/www.altominho.tv\/site\/#website","url":"https:\/\/www.altominho.tv\/site\/","name":"Altominho.tv","description":"A sua regi\u00e3o \u00e0 dist\u00e2ncia de um clique...","potentialAction":[{"@type":"SearchAction","target":{"@type":"EntryPoint","urlTemplate":"https:\/\/www.altominho.tv\/site\/?s={search_term_string}"},"query-input":{"@type":"PropertyValueSpecification","valueRequired":true,"valueName":"search_term_string"}}],"inLanguage":"pt-PT"}]}},"_links":{"self":[{"href":"https:\/\/www.altominho.tv\/site\/wp-json\/wp\/v2\/pages\/7584","targetHints":{"allow":["GET"]}}],"collection":[{"href":"https:\/\/www.altominho.tv\/site\/wp-json\/wp\/v2\/pages"}],"about":[{"href":"https:\/\/www.altominho.tv\/site\/wp-json\/wp\/v2\/types\/page"}],"author":[{"embeddable":true,"href":"https:\/\/www.altominho.tv\/site\/wp-json\/wp\/v2\/users\/1"}],"replies":[{"embeddable":true,"href":"https:\/\/www.altominho.tv\/site\/wp-json\/wp\/v2\/comments?post=7584"}],"version-history":[{"count":0,"href":"https:\/\/www.altominho.tv\/site\/wp-json\/wp\/v2\/pages\/7584\/revisions"}],"wp:attachment":[{"href":"https:\/\/www.altominho.tv\/site\/wp-json\/wp\/v2\/media?parent=7584"}],"curies":[{"name":"wp","href":"https:\/\/api.w.org\/{rel}","templated":true}]}}