{"id":42,"date":"2017-11-06T19:50:33","date_gmt":"2017-11-06T19:50:33","guid":{"rendered":"http:\/\/www.altominho.tv\/site\/?page_id=42"},"modified":"2025-11-03T14:23:06","modified_gmt":"2025-11-03T14:23:06","slug":"contactos","status":"publish","type":"page","link":"https:\/\/www.altominho.tv\/site\/contactos\/","title":{"rendered":"Contactos"},"content":{"rendered":"<h5><strong>DELEGA\u00c7\u00c3O DE PAREDES DE COURA<\/strong><\/h5>\n<p>Rua Pereira da Cunha<\/p>\n<p>4940-542 Paredes de Coura<\/p>\n<p>Jornalista respons\u00e1vel &#8211; C\u00e9sar Lopes tlm: 916898270<\/p>\n<h5><strong>DELEGA\u00c7\u00c3O DE MON\u00c7\u00c3O<\/strong><\/h5>\n<p>Rua Eng. Duarte Pacheco, Loja 12<\/p>\n<p>4950-454 Mon\u00e7\u00e3o<\/p>\n<p>Jornalista respons\u00e1vel &#8211; tlm: 916898271<\/p>\n<h5><strong>DELEGA\u00c7\u00c3O DE PONTE DE LIMA<\/strong><\/h5>\n<p>R. Dr. Cassiano Jos\u00e9 de Azevedo Baptista 61 Loja-cave<\/p>\n<p>4990-144 Ponte de Lima<\/p>\n<p>Jornalista respons\u00e1vel &#8211; Andreia Cunha tlm: 967553178<\/p>\n<p>Telefone geral: 916898270\u00a0\/ 916898271 \/ 967553178<\/p>\n<p>Email (Dep. Jornal\u00edstico):\u00a0<a href=\"mailto:altominhotv.geral@gmail.com\">altominhotv.geral@gmail.com<\/a><\/p>\n<p>Email (Dep. Servi\u00e7os\/Produ\u00e7\u00e3o Audiovisual):\u00a0<a href=\"mailto:altominhotv.tecnico@gmail.com\">altominhotv.tecnico@gmail.com<\/a><\/p>\n<p>Email (Dep. Comercial e Marketing):\u00a0<a href=\"mailto:altominhotv.tecnico@gmail.com\">altominhotv.tecnico@gmail.com<\/a><\/p>\n<p>Email (Recrutamento):\u00a0<a href=\"mailto:altominhotv.recrutamento@gmail.com\">altominhotv.recrutamento@gmail.com<\/a><\/p>\n<p>Se preferir, pode enviar diretamente uma mensagem:<\/p>\n\n<div class=\"wpcf7 no-js\" id=\"wpcf7-f105686-o1\" lang=\"pt-PT\" dir=\"ltr\" data-wpcf7-id=\"105686\">\n<div class=\"screen-reader-response\"><p role=\"status\" aria-live=\"polite\" aria-atomic=\"true\"><\/p> <ul><\/ul><\/div>\n<form action=\"\/site\/wp-json\/wp\/v2\/pages\/42#wpcf7-f105686-o1\" method=\"post\" class=\"wpcf7-form init\" aria-label=\"Formul\u00e1rio de contacto\" novalidate=\"novalidate\" data-status=\"init\">\n<fieldset class=\"hidden-fields-container\"><input type=\"hidden\" name=\"_wpcf7\" value=\"105686\" \/><input type=\"hidden\" name=\"_wpcf7_version\" value=\"6.1.5\" \/><input type=\"hidden\" name=\"_wpcf7_locale\" value=\"pt_PT\" \/><input type=\"hidden\" name=\"_wpcf7_unit_tag\" value=\"wpcf7-f105686-o1\" \/><input type=\"hidden\" name=\"_wpcf7_container_post\" value=\"0\" \/><input type=\"hidden\" name=\"_wpcf7_posted_data_hash\" value=\"\" \/>\n<\/fieldset>\n<p><label> O seu nome<br \/>\n<span class=\"wpcf7-form-control-wrap\" data-name=\"your-name\"><input size=\"40\" maxlength=\"400\" class=\"wpcf7-form-control wpcf7-text wpcf7-validates-as-required\" autocomplete=\"name\" aria-required=\"true\" aria-invalid=\"false\" value=\"\" type=\"text\" name=\"your-name\" \/><\/span> <\/label>\n<\/p>\n<p><label> O seu email<br \/>\n<span class=\"wpcf7-form-control-wrap\" data-name=\"your-email\"><input size=\"40\" maxlength=\"400\" class=\"wpcf7-form-control wpcf7-email wpcf7-validates-as-required wpcf7-text wpcf7-validates-as-email\" autocomplete=\"email\" aria-required=\"true\" aria-invalid=\"false\" value=\"\" type=\"email\" name=\"your-email\" \/><\/span> <\/label>\n<\/p>\n<p><label> Assunto<br \/>\n<span class=\"wpcf7-form-control-wrap\" data-name=\"your-subject\"><input size=\"40\" maxlength=\"400\" class=\"wpcf7-form-control wpcf7-text wpcf7-validates-as-required\" aria-required=\"true\" aria-invalid=\"false\" value=\"\" type=\"text\" name=\"your-subject\" \/><\/span> <\/label>\n<\/p>\n<p><label> A sua mensagem (opcional)<br \/>\n<span class=\"wpcf7-form-control-wrap\" data-name=\"your-message\"><textarea cols=\"40\" rows=\"10\" maxlength=\"2000\" class=\"wpcf7-form-control wpcf7-textarea\" aria-invalid=\"false\" name=\"your-message\"><\/textarea><\/span> <\/label>\n<\/p>\n<p><input class=\"wpcf7-form-control wpcf7-submit has-spinner\" type=\"submit\" value=\"Submeter\" \/>\n<\/p><p style=\"display: none !important;\" class=\"akismet-fields-container\" data-prefix=\"_wpcf7_ak_\"><label>&#916;<textarea name=\"_wpcf7_ak_hp_textarea\" cols=\"45\" rows=\"8\" maxlength=\"100\"><\/textarea><\/label><input type=\"hidden\" id=\"ak_js_1\" name=\"_wpcf7_ak_js\" value=\"213\"\/><script type=\"text\/javascript\">\n\/* <![CDATA[ *\/\ndocument.getElementById( \"ak_js_1\" ).setAttribute( \"value\", ( new Date() ).getTime() );\n\/* ]]> *\/\n<\/script>\n<\/p><div class=\"wpcf7-response-output\" aria-hidden=\"true\"><\/div>\n<\/form>\n<\/div>\n\n","protected":false},"excerpt":{"rendered":"<p>DELEGA\u00c7\u00c3O DE PAREDES DE COURA Rua Pereira da Cunha 4940-542 Paredes de Coura Jornalista respons\u00e1vel &#8211; C\u00e9sar Lopes tlm: 916898270 DELEGA\u00c7\u00c3O DE MON\u00c7\u00c3O Rua Eng. Duarte Pacheco, Loja 12 4950-454 Mon\u00e7\u00e3o Jornalista respons\u00e1vel &#8211; tlm: 916898271 DELEGA\u00c7\u00c3O DE PONTE DE LIMA R. Dr. Cassiano Jos\u00e9 de Azevedo Baptista 61 Loja-cave 4990-144 Ponte de Lima Jornalista [&hellip;]<\/p>\n","protected":false},"author":1,"featured_media":6861,"parent":0,"menu_order":0,"comment_status":"closed","ping_status":"closed","template":"","meta":{"_exactmetrics_skip_tracking":false,"_exactmetrics_sitenote_active":false,"_exactmetrics_sitenote_note":"","_exactmetrics_sitenote_category":0,"footnotes":""},"class_list":["post-42","page","type-page","status-publish","has-post-thumbnail","hentry"],"yoast_head":"<!-- This site is optimized with the Yoast SEO Premium plugin v27.5 (Yoast SEO v27.5) - https:\/\/yoast.com\/product\/yoast-seo-premium-wordpress\/ -->\n<title>Contactos - Altominho.tv<\/title>\n<meta name=\"robots\" content=\"index, follow, max-snippet:-1, max-image-preview:large, max-video-preview:-1\" \/>\n<link rel=\"canonical\" href=\"https:\/\/www.altominho.tv\/site\/contactos\/\" \/>\n<meta property=\"og:locale\" content=\"pt_PT\" \/>\n<meta property=\"og:type\" content=\"article\" \/>\n<meta property=\"og:title\" content=\"Contactos\" \/>\n<meta property=\"og:description\" content=\"DELEGA\u00c7\u00c3O DE PAREDES DE COURA Rua Pereira da Cunha 4940-542 Paredes de Coura Jornalista respons\u00e1vel &#8211; C\u00e9sar Lopes tlm: 916898270 DELEGA\u00c7\u00c3O DE MON\u00c7\u00c3O Rua Eng. Duarte Pacheco, Loja 12 4950-454 Mon\u00e7\u00e3o Jornalista respons\u00e1vel &#8211; tlm: 916898271 DELEGA\u00c7\u00c3O DE PONTE DE LIMA R. Dr. Cassiano Jos\u00e9 de Azevedo Baptista 61 Loja-cave 4990-144 Ponte de Lima Jornalista [&hellip;]\" \/>\n<meta property=\"og:url\" content=\"https:\/\/www.altominho.tv\/site\/contactos\/\" \/>\n<meta property=\"og:site_name\" content=\"Altominho.tv\" \/>\n<meta property=\"article:publisher\" content=\"https:\/\/www.facebook.com\/altominhotv\" \/>\n<meta property=\"article:modified_time\" content=\"2025-11-03T14:23:06+00:00\" \/>\n<meta property=\"og:image\" content=\"https:\/\/www.altominho.tv\/site\/wp-content\/uploads\/2017\/12\/Montagem-Corsas_3.jpg\" \/>\n\t<meta property=\"og:image:width\" content=\"2500\" \/>\n\t<meta property=\"og:image:height\" content=\"840\" \/>\n\t<meta property=\"og:image:type\" content=\"image\/jpeg\" \/>\n<meta name=\"twitter:card\" content=\"summary_large_image\" \/>\n<meta name=\"twitter:site\" content=\"@altominhoTV\" \/>\n<meta name=\"twitter:label1\" content=\"Tempo estimado de leitura\" \/>\n\t<meta name=\"twitter:data1\" content=\"1 minuto\" \/>\n<script type=\"application\/ld+json\" class=\"yoast-schema-graph\">{\"@context\":\"https:\\\/\\\/schema.org\",\"@graph\":[{\"@type\":\"WebPage\",\"@id\":\"https:\\\/\\\/www.altominho.tv\\\/site\\\/contactos\\\/\",\"url\":\"https:\\\/\\\/www.altominho.tv\\\/site\\\/contactos\\\/\",\"name\":\"Contactos - Altominho.tv\",\"isPartOf\":{\"@id\":\"https:\\\/\\\/www.altominho.tv\\\/site\\\/#website\"},\"primaryImageOfPage\":{\"@id\":\"https:\\\/\\\/www.altominho.tv\\\/site\\\/contactos\\\/#primaryimage\"},\"image\":{\"@id\":\"https:\\\/\\\/www.altominho.tv\\\/site\\\/contactos\\\/#primaryimage\"},\"thumbnailUrl\":\"https:\\\/\\\/www.altominho.tv\\\/site\\\/wp-content\\\/uploads\\\/2017\\\/12\\\/Montagem-Corsas_3.jpg\",\"datePublished\":\"2017-11-06T19:50:33+00:00\",\"dateModified\":\"2025-11-03T14:23:06+00:00\",\"breadcrumb\":{\"@id\":\"https:\\\/\\\/www.altominho.tv\\\/site\\\/contactos\\\/#breadcrumb\"},\"inLanguage\":\"pt-PT\",\"potentialAction\":[{\"@type\":\"ReadAction\",\"target\":[\"https:\\\/\\\/www.altominho.tv\\\/site\\\/contactos\\\/\"]}]},{\"@type\":\"ImageObject\",\"inLanguage\":\"pt-PT\",\"@id\":\"https:\\\/\\\/www.altominho.tv\\\/site\\\/contactos\\\/#primaryimage\",\"url\":\"https:\\\/\\\/www.altominho.tv\\\/site\\\/wp-content\\\/uploads\\\/2017\\\/12\\\/Montagem-Corsas_3.jpg\",\"contentUrl\":\"https:\\\/\\\/www.altominho.tv\\\/site\\\/wp-content\\\/uploads\\\/2017\\\/12\\\/Montagem-Corsas_3.jpg\",\"width\":2500,\"height\":840},{\"@type\":\"BreadcrumbList\",\"@id\":\"https:\\\/\\\/www.altominho.tv\\\/site\\\/contactos\\\/#breadcrumb\",\"itemListElement\":[{\"@type\":\"ListItem\",\"position\":1,\"name\":\"In\u00edcio\",\"item\":\"https:\\\/\\\/www.altominho.tv\\\/site\\\/\"},{\"@type\":\"ListItem\",\"position\":2,\"name\":\"Contactos\"}]},{\"@type\":\"WebSite\",\"@id\":\"https:\\\/\\\/www.altominho.tv\\\/site\\\/#website\",\"url\":\"https:\\\/\\\/www.altominho.tv\\\/site\\\/\",\"name\":\"Altominho.tv\",\"description\":\"A sua regi\u00e3o \u00e0 dist\u00e2ncia de um clique...\",\"potentialAction\":[{\"@type\":\"SearchAction\",\"target\":{\"@type\":\"EntryPoint\",\"urlTemplate\":\"https:\\\/\\\/www.altominho.tv\\\/site\\\/?s={search_term_string}\"},\"query-input\":{\"@type\":\"PropertyValueSpecification\",\"valueRequired\":true,\"valueName\":\"search_term_string\"}}],\"inLanguage\":\"pt-PT\"}]}<\/script>\n<!-- \/ Yoast SEO Premium plugin. -->","yoast_head_json":{"title":"Contactos - Altominho.tv","robots":{"index":"index","follow":"follow","max-snippet":"max-snippet:-1","max-image-preview":"max-image-preview:large","max-video-preview":"max-video-preview:-1"},"canonical":"https:\/\/www.altominho.tv\/site\/contactos\/","og_locale":"pt_PT","og_type":"article","og_title":"Contactos","og_description":"DELEGA\u00c7\u00c3O DE PAREDES DE COURA Rua Pereira da Cunha 4940-542 Paredes de Coura Jornalista respons\u00e1vel &#8211; C\u00e9sar Lopes tlm: 916898270 DELEGA\u00c7\u00c3O DE MON\u00c7\u00c3O Rua Eng. Duarte Pacheco, Loja 12 4950-454 Mon\u00e7\u00e3o Jornalista respons\u00e1vel &#8211; tlm: 916898271 DELEGA\u00c7\u00c3O DE PONTE DE LIMA R. Dr. Cassiano Jos\u00e9 de Azevedo Baptista 61 Loja-cave 4990-144 Ponte de Lima Jornalista [&hellip;]","og_url":"https:\/\/www.altominho.tv\/site\/contactos\/","og_site_name":"Altominho.tv","article_publisher":"https:\/\/www.facebook.com\/altominhotv","article_modified_time":"2025-11-03T14:23:06+00:00","og_image":[{"width":2500,"height":840,"url":"https:\/\/www.altominho.tv\/site\/wp-content\/uploads\/2017\/12\/Montagem-Corsas_3.jpg","type":"image\/jpeg"}],"twitter_card":"summary_large_image","twitter_site":"@altominhoTV","twitter_misc":{"Tempo estimado de leitura":"1 minuto"},"schema":{"@context":"https:\/\/schema.org","@graph":[{"@type":"WebPage","@id":"https:\/\/www.altominho.tv\/site\/contactos\/","url":"https:\/\/www.altominho.tv\/site\/contactos\/","name":"Contactos - Altominho.tv","isPartOf":{"@id":"https:\/\/www.altominho.tv\/site\/#website"},"primaryImageOfPage":{"@id":"https:\/\/www.altominho.tv\/site\/contactos\/#primaryimage"},"image":{"@id":"https:\/\/www.altominho.tv\/site\/contactos\/#primaryimage"},"thumbnailUrl":"https:\/\/www.altominho.tv\/site\/wp-content\/uploads\/2017\/12\/Montagem-Corsas_3.jpg","datePublished":"2017-11-06T19:50:33+00:00","dateModified":"2025-11-03T14:23:06+00:00","breadcrumb":{"@id":"https:\/\/www.altominho.tv\/site\/contactos\/#breadcrumb"},"inLanguage":"pt-PT","potentialAction":[{"@type":"ReadAction","target":["https:\/\/www.altominho.tv\/site\/contactos\/"]}]},{"@type":"ImageObject","inLanguage":"pt-PT","@id":"https:\/\/www.altominho.tv\/site\/contactos\/#primaryimage","url":"https:\/\/www.altominho.tv\/site\/wp-content\/uploads\/2017\/12\/Montagem-Corsas_3.jpg","contentUrl":"https:\/\/www.altominho.tv\/site\/wp-content\/uploads\/2017\/12\/Montagem-Corsas_3.jpg","width":2500,"height":840},{"@type":"BreadcrumbList","@id":"https:\/\/www.altominho.tv\/site\/contactos\/#breadcrumb","itemListElement":[{"@type":"ListItem","position":1,"name":"In\u00edcio","item":"https:\/\/www.altominho.tv\/site\/"},{"@type":"ListItem","position":2,"name":"Contactos"}]},{"@type":"WebSite","@id":"https:\/\/www.altominho.tv\/site\/#website","url":"https:\/\/www.altominho.tv\/site\/","name":"Altominho.tv","description":"A sua regi\u00e3o \u00e0 dist\u00e2ncia de um clique...","potentialAction":[{"@type":"SearchAction","target":{"@type":"EntryPoint","urlTemplate":"https:\/\/www.altominho.tv\/site\/?s={search_term_string}"},"query-input":{"@type":"PropertyValueSpecification","valueRequired":true,"valueName":"search_term_string"}}],"inLanguage":"pt-PT"}]}},"_links":{"self":[{"href":"https:\/\/www.altominho.tv\/site\/wp-json\/wp\/v2\/pages\/42","targetHints":{"allow":["GET"]}}],"collection":[{"href":"https:\/\/www.altominho.tv\/site\/wp-json\/wp\/v2\/pages"}],"about":[{"href":"https:\/\/www.altominho.tv\/site\/wp-json\/wp\/v2\/types\/page"}],"author":[{"embeddable":true,"href":"https:\/\/www.altominho.tv\/site\/wp-json\/wp\/v2\/users\/1"}],"replies":[{"embeddable":true,"href":"https:\/\/www.altominho.tv\/site\/wp-json\/wp\/v2\/comments?post=42"}],"version-history":[{"count":4,"href":"https:\/\/www.altominho.tv\/site\/wp-json\/wp\/v2\/pages\/42\/revisions"}],"predecessor-version":[{"id":124814,"href":"https:\/\/www.altominho.tv\/site\/wp-json\/wp\/v2\/pages\/42\/revisions\/124814"}],"wp:featuredmedia":[{"embeddable":true,"href":"https:\/\/www.altominho.tv\/site\/wp-json\/wp\/v2\/media\/6861"}],"wp:attachment":[{"href":"https:\/\/www.altominho.tv\/site\/wp-json\/wp\/v2\/media?parent=42"}],"curies":[{"name":"wp","href":"https:\/\/api.w.org\/{rel}","templated":true}]}}